{"id":31013,"date":"2025-04-18T15:19:05","date_gmt":"2025-04-18T08:19:05","guid":{"rendered":"https:\/\/etest.edu.vn\/?page_id=31013"},"modified":"2025-09-24T15:56:28","modified_gmt":"2025-09-24T08:56:28","slug":"chuyen-vien-tu-van-tuyen-sinh","status":"publish","type":"page","link":"https:\/\/etest.edu.vn\/en\/chuyen-vien-tu-van-tuyen-sinh\/","title":{"rendered":"ADMISSION CONSULTANT"},"content":{"rendered":"<p><img decoding=\"async\" class=\"aligncenter wp-image-31014 size-medium\" src=\"https:\/\/etest.edu.vn\/wp-content\/uploads\/2025\/04\/anh_Viber_2025-04-18_14-46-39-813-400x400.jpg\" alt=\"\" width=\"400\" height=\"400\" srcset=\"https:\/\/etest.edu.vn\/wp-content\/uploads\/2025\/04\/anh_Viber_2025-04-18_14-46-39-813-400x400.jpg 400w, https:\/\/etest.edu.vn\/wp-content\/uploads\/2025\/04\/anh_Viber_2025-04-18_14-46-39-813-800x800.jpg 800w, https:\/\/etest.edu.vn\/wp-content\/uploads\/2025\/04\/anh_Viber_2025-04-18_14-46-39-813-280x280.jpg 280w, https:\/\/etest.edu.vn\/wp-content\/uploads\/2025\/04\/anh_Viber_2025-04-18_14-46-39-813-768x768.jpg 768w, https:\/\/etest.edu.vn\/wp-content\/uploads\/2025\/04\/anh_Viber_2025-04-18_14-46-39-813-1536x1536.jpg 1536w, https:\/\/etest.edu.vn\/wp-content\/uploads\/2025\/04\/anh_Viber_2025-04-18_14-46-39-813-12x12.jpg 12w, https:\/\/etest.edu.vn\/wp-content\/uploads\/2025\/04\/anh_Viber_2025-04-18_14-46-39-813-250x250.jpg 250w, https:\/\/etest.edu.vn\/wp-content\/uploads\/2025\/04\/anh_Viber_2025-04-18_14-46-39-813.jpg 1600w\" sizes=\"(max-width: 400px) 100vw, 400px\" \/><\/p>\n<p><strong>\u00a0 \u00a0 \u00a0 1. JOB DESCRIPTION<\/strong><strong>C<\/strong><\/p>\n<ul>\n<li>Consulting and introducing to customers about ETEST courses: IELTS, SAT, TOEFL, AMP, AP, GED, SSAT, ISEE, IB\u2026.<\/li>\n<li>Implement effective class opening work.<\/li>\n<li>Track and care for current and new student registrations<\/li>\n<li>Arrange and organize the placement test process.<\/li>\n<li>Receive and guide registration procedures for international standardized exams IELTS, SAT, TOEFL,<\/li>\n<li>Participate in events and seminars at the Center or high schools for admissions consulting.<\/li>\n<li>Coordinate with the Admissions Manager to manage the Admissions Team to achieve individual and departmental KPIs.<\/li>\n<li>Support or directly resolve cases where parents or students encounter difficulties during their studies.<\/li>\n<li>Inform students and parents about extracurricular activities, seminars and study abroad information to attract new students and take care of current students.<\/li>\n<li>Coordinate with department heads to find optimal solutions to increase Team revenue.<\/li>\n<\/ul>\n<p><strong>\u00a0 \u00a0 \u00a0 2. REQUIREMENTS:<\/strong><\/p>\n<ul>\n<li>Age from 22 to 32.<\/li>\n<li>Graduated: University\/ College.<\/li>\n<li>Foreign language proficiency: Good English listening and speaking is an advantage.<\/li>\n<li>Love communicating, convincing customers and working in the education field.<\/li>\n<li>Good language and communication skills, persuasive and dedicated to work.<\/li>\n<li>Have skills and experience in communicating with customers in person and over the phone<\/li>\n<li>Elegant appearance.<\/li>\n<\/ul>\n<p><strong>\u00a0 \u00a0 \u00a0 3. BENEFITS<\/strong><\/p>\n<ul>\n<li>Unlimited income based on actual revenue, total income includes: Basic salary + Monthly KPI Bonus salary.<\/li>\n<li>Probationary period with 100% basic salary.<\/li>\n<li>Fully participate in social insurance and health insurance according to state regulations.<\/li>\n<li>Additional lunch allowance and Sunday work allowance.<\/li>\n<li>Organize annual health check-ups.<\/li>\n<li>Join the company-wide Team Building.<\/li>\n<li>Leave and enjoy holidays according to state regulations.<\/li>\n<li>\u0110\u01b0\u1ee3c hu\u1ea5n luy\u1ec7n nh\u1eefng k\u1ef9 n\u0103ng c\u1ea7n thi\u1ebft cho c\u00f4ng vi\u1ec7c<\/li>\n<li>Promotion opportunities<\/li>\n<\/ul>\n<p><strong>\u00a0 \u00a0 \u00a0 4. SALARY &amp; WORKING HOURS<\/strong><\/p>\n<ul>\n<li>Income when reaching 100% KPI: 15 - 30 million VND<\/li>\n<li>Fixed salary: 7.5 - 8.5 million VND<\/li>\n<li>Fixed salary regardless of sales<\/li>\n<li>Work in shifts. Morning shift: 8am-5pm, Afternoon shift: 1pm-8pm (1 day off per week)<\/li>\n<li>Work location: <strong>3rd Floor, 215 Nam Ky Khoi Nghia, Ward Vo Thi Sau, District 3, HCMC<\/strong><\/li>\n<\/ul>","protected":false},"excerpt":{"rendered":"<p>\u00a0 \u00a0 \u00a0 1. M\u00d4 T\u1ea2 C\u00d4NG VI\u1ec6C T\u01b0 v\u1ea5n v\u00e0 gi\u1edbi thi\u1ec7u cho kh\u00e1ch h\u00e0ng v\u1ec1 c\u00e1c kh\u00f3a h\u1ecdc c\u1ee7a ETEST: IELTS, SAT, TOEFL, AMP, AP, GED,\u00a0SSAT, ISEE, IB&#8230;. Th\u1ef1c hi\u1ec7n c\u00f4ng t\u00e1c m\u1edf l\u1edbp hi\u1ec7u qu\u1ea3. Theo d\u00f5i v\u00e0 ch\u0103m s\u00f3c h\u1ecdc vi\u00ean hi\u1ec7n t\u1ea1i v\u00e0 h\u1ecdc sinh \u0111\u0103ng k\u00fd m\u1edbi S\u1eafp x\u1ebfp, [&#8230;]","protected":false},"author":24,"featured_media":31014,"parent":0,"menu_order":0,"comment_status":"closed","ping_status":"closed","template":"","meta":{"_acf_changed":false,"inline_featured_image":false,"footnotes":""},"class_list":["post-31013","page","type-page","status-publish","has-post-thumbnail","hentry"],"acf":[],"_links":{"self":[{"href":"https:\/\/etest.edu.vn\/en\/wp-json\/wp\/v2\/pages\/31013","targetHints":{"allow":["GET"]}}],"collection":[{"href":"https:\/\/etest.edu.vn\/en\/wp-json\/wp\/v2\/pages"}],"about":[{"href":"https:\/\/etest.edu.vn\/en\/wp-json\/wp\/v2\/types\/page"}],"author":[{"embeddable":true,"href":"https:\/\/etest.edu.vn\/en\/wp-json\/wp\/v2\/users\/24"}],"replies":[{"embeddable":true,"href":"https:\/\/etest.edu.vn\/en\/wp-json\/wp\/v2\/comments?post=31013"}],"version-history":[{"count":5,"href":"https:\/\/etest.edu.vn\/en\/wp-json\/wp\/v2\/pages\/31013\/revisions"}],"predecessor-version":[{"id":32059,"href":"https:\/\/etest.edu.vn\/en\/wp-json\/wp\/v2\/pages\/31013\/revisions\/32059"}],"wp:featuredmedia":[{"embeddable":true,"href":"https:\/\/etest.edu.vn\/en\/wp-json\/wp\/v2\/media\/31014"}],"wp:attachment":[{"href":"https:\/\/etest.edu.vn\/en\/wp-json\/wp\/v2\/media?parent=31013"}],"curies":[{"name":"wp","href":"https:\/\/api.w.org\/{rel}","templated":true}]}}